{"id":2,"date":"2025-04-22T23:29:20","date_gmt":"2025-04-22T21:29:20","guid":{"rendered":"http:\/\/bezaiwp68.you2.pl\/?page_id=2"},"modified":"2026-01-05T16:15:18","modified_gmt":"2026-01-05T15:15:18","slug":"uslugi","status":"publish","type":"page","link":"https:\/\/ehealth.nubidev.pl\/","title":{"rendered":"Us\u0142ugi"},"content":{"rendered":"\n<p>Przyk\u0142adowa strona. Strony s\u0105 inne ni\u017c wpisy na blogu, poniewa\u017c nie tylko znajduj\u0105 si\u0119 zawsze w jednym miejscu, ale tak\u017ce pojawiaj\u0105 si\u0119 w menu witryny (w wi\u0119kszo\u015bci motyw\u00f3w). Wi\u0119kszo\u015b\u0107 u\u017cytkownik\u00f3w zaczyna od strony z informacjami o sobie, kt\u00f3ra zapozna ich przed odwiedzaj\u0105cymi witryn\u0119. Taka strona mo\u017ce zawiera\u0107 na przyk\u0142ad tak\u0105 tre\u015b\u0107:<\/p>\n\n\n\n<blockquote class=\"wp-block-quote is-layout-flow wp-block-quote-is-layout-flow\">\n<p><\/p>\n<\/blockquote>\n\n\n\n<div class=\"wp-block-group alignwide\"><div class=\"wp-block-group__inner-container is-layout-constrained wp-block-group-is-layout-constrained\">\n<div class=\"wp-block-columns are-vertically-aligned-center has-border-color has-theme-palette-1-border-color is-layout-flex wp-container-core-columns-is-layout-9d6595d7 wp-block-columns-is-layout-flex\">\n<div class=\"wp-block-column is-vertically-aligned-center has-theme-palette-9-background-color has-background is-layout-flow wp-block-column-is-layout-flow\">\n<h2 class=\"wp-block-heading has-text-align-center has-theme-palette-3-color has-text-color has-link-color wp-elements-63e7a0134eb708bbb56ed6b7522858bb\">Treningi personalne <\/h2>\n\n\n<div class=\"wp-block-image\">\n<figure class=\"aligncenter size-full is-resized\"><img loading=\"lazy\" decoding=\"async\" width=\"512\" height=\"512\" src=\"https:\/\/ehealth.nubidev.pl\/wp-content\/uploads\/2025\/12\/dumbbells_6116839.png\" alt=\"\" class=\"wp-image-47\" style=\"width:94px;height:auto\" srcset=\"https:\/\/ehealth.nubidev.pl\/wp-content\/uploads\/2025\/12\/dumbbells_6116839.png 512w, https:\/\/ehealth.nubidev.pl\/wp-content\/uploads\/2025\/12\/dumbbells_6116839-300x300.png 300w, https:\/\/ehealth.nubidev.pl\/wp-content\/uploads\/2025\/12\/dumbbells_6116839-150x150.png 150w\" sizes=\"auto, (max-width: 512px) 100vw, 512px\" \/><\/figure>\n<\/div>\n\n\n<p class=\"has-text-align-center has-theme-palette-3-color has-text-color has-link-color wp-elements-4756978742bc2149b6e9927753572344\">Treningi indywidualne, grupowe, online.<\/p>\n<\/div>\n\n\n\n<div class=\"wp-block-column is-vertically-aligned-center has-theme-palette-9-background-color has-background is-layout-flow wp-block-column-is-layout-flow\">\n<h2 class=\"wp-block-heading has-text-align-center has-theme-palette-3-color has-text-color has-link-color wp-elements-58871a7c68d63ec64fb1f2bcb2b2e614\">Plany treningowe<\/h2>\n\n\n<div class=\"wp-block-image wp-duotone-unset-1\">\n<figure class=\"aligncenter size-full is-resized\"><img loading=\"lazy\" decoding=\"async\" width=\"512\" height=\"512\" src=\"https:\/\/ehealth.nubidev.pl\/wp-content\/uploads\/2025\/12\/exercice_17912415-2.png\" alt=\"\" class=\"wp-image-50\" style=\"width:106px;height:auto\" srcset=\"https:\/\/ehealth.nubidev.pl\/wp-content\/uploads\/2025\/12\/exercice_17912415-2.png 512w, https:\/\/ehealth.nubidev.pl\/wp-content\/uploads\/2025\/12\/exercice_17912415-2-300x300.png 300w, https:\/\/ehealth.nubidev.pl\/wp-content\/uploads\/2025\/12\/exercice_17912415-2-150x150.png 150w\" sizes=\"auto, (max-width: 512px) 100vw, 512px\" \/><\/figure>\n<\/div>\n\n\n<p class=\"has-text-align-center has-theme-palette-3-color has-text-color has-link-color wp-elements-f7f8bd5ef754f2e1512ea12e2c5b1dba\">Plany treningowe z mo\u017cliwo\u015bci\u0105 <\/p>\n<\/div>\n\n\n\n<div class=\"wp-block-column is-vertically-aligned-center has-theme-palette-9-color has-theme-palette-9-background-color has-text-color has-background has-link-color wp-elements-940a603f967498001914841542b3beaa is-layout-flow wp-block-column-is-layout-flow\" style=\"border-width:1px\">\n<h2 class=\"wp-block-heading has-text-align-center has-theme-palette-3-color has-text-color has-link-color wp-elements-7deabd97bd8ac6f6144e830ce6ac222f\">Konsultacje<\/h2>\n\n\n<div class=\"wp-block-image\">\n<figure class=\"aligncenter size-full is-resized\"><img loading=\"lazy\" decoding=\"async\" width=\"512\" height=\"512\" src=\"https:\/\/ehealth.nubidev.pl\/wp-content\/uploads\/2025\/12\/consultation_17321159.png\" alt=\"\" class=\"wp-image-51\" style=\"width:106px;height:auto\" srcset=\"https:\/\/ehealth.nubidev.pl\/wp-content\/uploads\/2025\/12\/consultation_17321159.png 512w, https:\/\/ehealth.nubidev.pl\/wp-content\/uploads\/2025\/12\/consultation_17321159-300x300.png 300w, https:\/\/ehealth.nubidev.pl\/wp-content\/uploads\/2025\/12\/consultation_17321159-150x150.png 150w\" sizes=\"auto, (max-width: 512px) 100vw, 512px\" \/><\/figure>\n<\/div>\n\n\n<p class=\"has-text-align-center has-theme-palette-3-color has-text-color has-link-color wp-elements-9b3ac0aac018f3c31d7d9728a318b5a8\">Konsultacje online, osobi\u015bcie<\/p>\n<\/div>\n<\/div>\n<\/div><\/div>\n\n\n\n<p>O mnie <\/p>\n","protected":false},"excerpt":{"rendered":"<p>Przyk\u0142adowa strona. Strony s\u0105 inne ni\u017c wpisy na blogu, poniewa\u017c nie tylko znajduj\u0105 si\u0119 zawsze w jednym miejscu, ale tak\u017ce pojawiaj\u0105 si\u0119 w menu witryny (w wi\u0119kszo\u015bci motyw\u00f3w). Wi\u0119kszo\u015b\u0107 u\u017cytkownik\u00f3w zaczyna od strony z informacjami o sobie, kt\u00f3ra zapozna ich przed odwiedzaj\u0105cymi witryn\u0119. Taka strona mo\u017ce zawiera\u0107 na przyk\u0142ad tak\u0105 tre\u015b\u0107: Treningi personalne Treningi indywidualne,&#8230;<\/p>\n","protected":false},"author":5,"featured_media":0,"parent":0,"menu_order":0,"comment_status":"closed","ping_status":"closed","template":"","meta":{"_kad_post_transparent":"","_kad_post_title":"","_kad_post_layout":"","_kad_post_sidebar_id":"","_kad_post_content_style":"","_kad_post_vertical_padding":"","_kad_post_feature":"","_kad_post_feature_position":"","_kad_post_header":false,"_kad_post_footer":false,"_kad_post_classname":"","footnotes":""},"class_list":["post-2","page","type-page","status-publish","hentry"],"_links":{"self":[{"href":"https:\/\/ehealth.nubidev.pl\/index.php\/wp-json\/wp\/v2\/pages\/2","targetHints":{"allow":["GET"]}}],"collection":[{"href":"https:\/\/ehealth.nubidev.pl\/index.php\/wp-json\/wp\/v2\/pages"}],"about":[{"href":"https:\/\/ehealth.nubidev.pl\/index.php\/wp-json\/wp\/v2\/types\/page"}],"author":[{"embeddable":true,"href":"https:\/\/ehealth.nubidev.pl\/index.php\/wp-json\/wp\/v2\/users\/5"}],"replies":[{"embeddable":true,"href":"https:\/\/ehealth.nubidev.pl\/index.php\/wp-json\/wp\/v2\/comments?post=2"}],"version-history":[{"count":13,"href":"https:\/\/ehealth.nubidev.pl\/index.php\/wp-json\/wp\/v2\/pages\/2\/revisions"}],"predecessor-version":[{"id":105,"href":"https:\/\/ehealth.nubidev.pl\/index.php\/wp-json\/wp\/v2\/pages\/2\/revisions\/105"}],"wp:attachment":[{"href":"https:\/\/ehealth.nubidev.pl\/index.php\/wp-json\/wp\/v2\/media?parent=2"}],"curies":[{"name":"wp","href":"https:\/\/api.w.org\/{rel}","templated":true}]}}